{"id":618,"date":"2021-10-08T15:23:58","date_gmt":"2021-10-08T14:23:58","guid":{"rendered":"https:\/\/il-telaio.it\/?page_id=618"},"modified":"2021-10-08T15:23:58","modified_gmt":"2021-10-08T14:23:58","slug":"backup-primo-piano","status":"publish","type":"page","link":"https:\/\/il-telaio.it\/index.php\/backup-primo-piano\/","title":{"rendered":"Backup primo piano"},"content":{"rendered":"<h1><span style=\"font-size: 18pt;\"><strong>INCONTRI CON L&#8217;AUTORE 2021<\/strong><\/span><\/h1>\n<h1><span style=\"font-size: 14pt;\"><strong>Brunico &#8211; Casa Ragen &#8211; ore 17.30\u00a0\u00a0<\/strong><\/span><\/h1>\n<table style=\"border-collapse: collapse; width: 81.28%; height: 488px;\">\n<tbody>\n<tr style=\"height: 56px;\">\n<td style=\"width: 20.24%; height: 56px;\"><strong>Luned\u00ed 26 luglio<\/strong><\/td>\n<td style=\"width: 41.9222%; height: 56px;\"><a href=\"https:\/\/il-telaio.it\/wp-content\/uploads\/2021\/07\/Todisco-Vincenzo-Scheda-publisher.pdf\" target=\"_blank\" rel=\"noopener\"><span style=\"font-size: 12pt; color: #000000;\"><strong>Vicenzo Todisco<\/strong><\/span><\/a><br \/>\nIl bambino lucertola &#8211; Armando Dad\u00f3<\/td>\n<td style=\"width: 18.2381%; height: 56px; text-align: right;\"><a href=\"https:\/\/il-telaio.it\/wp-content\/uploads\/2021\/07\/Todisco-Vincenzo-Scheda-publisher.pdf\" target=\"_blank\" rel=\"noopener\">Dettaglio<\/a><a href=\"https:\/\/il-telaio.it\/wp-content\/uploads\/2021\/07\/Todisco-Vincenzo-Scheda-publisher.pdf\" download=\"Todisco-Vincenzo-Scheda-publisher.pdf\"><br \/>\nScarica PDF<\/a><\/td>\n<\/tr>\n<tr style=\"height: 48px;\">\n<td style=\"width: 20.24%; height: 48px;\"><strong>Venerd\u00ed 30 luglio<\/strong><\/td>\n<td style=\"width: 41.9222%; height: 48px;\"><a href=\"https:\/\/il-telaio.it\/wp-content\/uploads\/2021\/07\/Casagrande-Romina-Scheda-publisher.pdf\" target=\"_blank\" rel=\"noopener\"><span style=\"font-size: 12pt; color: #000000;\"><strong>Romina Casagrande<\/strong><\/span><\/a><br \/>\ni bambini del bosco &#8211; Garzanti<\/td>\n<td style=\"width: 18.2381%; height: 48px; text-align: right;\"><a href=\"https:\/\/il-telaio.it\/wp-content\/uploads\/2021\/07\/Casagrande-Romina-Scheda-publisher.pdf\" target=\"_blank\" rel=\"noopener\">Dettaglio<\/a><a href=\"https:\/\/il-telaio.it\/wp-content\/uploads\/2021\/07\/Casagrande-Romina-Scheda-publisher.pdf\" download=\"Casagrande-Romina-Scheda-publisher.pdf\"><br \/>\nScarica PDF<\/a><\/td>\n<\/tr>\n<tr style=\"height: 48px;\">\n<td style=\"width: 20.24%; height: 48px;\"><strong>Sabato 31 luglio<\/strong><\/td>\n<td style=\"width: 41.9222%; height: 48px;\"><a href=\"https:\/\/il-telaio.it\/wp-content\/uploads\/2021\/07\/Milan-Alessandro-Scheda-publisher.pdf\" target=\"_blank\" rel=\"noopener\"><span style=\"font-size: 12pt; color: #000000;\"><strong>Alessandro Milan<\/strong><\/span><\/a><br \/>\nUn giorno lo dir\u00f3 al mondo &#8211; Mondadori<\/td>\n<td style=\"width: 18.2381%; height: 48px; text-align: right;\"><a href=\"https:\/\/il-telaio.it\/wp-content\/uploads\/2021\/07\/Milan-Alessandro-Scheda-publisher.pdf\" target=\"_blank\" rel=\"noopener\">Dettaglio<\/a><a href=\"https:\/\/il-telaio.it\/wp-content\/uploads\/2021\/07\/Milan-Alessandro-Scheda-publisher.pdf\" download=\"Milan-Alessandro-Scheda-publisher.pdf\"><br \/>\nScarica PDF<\/a><\/td>\n<\/tr>\n<tr style=\"height: 24px;\">\n<td style=\"width: 20.24%; height: 24px;\"><strong>Luned\u00ed 2 agosto<\/strong><\/td>\n<td style=\"width: 41.9222%; height: 24px;\"><a href=\"https:\/\/il-telaio.it\/wp-content\/uploads\/2021\/07\/Fingerle-Maddalena-Scheda-publisher.pdf\" target=\"_blank\" rel=\"noopener\"><span style=\"font-size: 12pt; color: #000000;\"><strong>Maddalena Fingerle<\/strong><\/span><\/a><br \/>\nLingua madre &#8211; Italo Svevo<\/td>\n<td style=\"width: 18.2381%; height: 24px; text-align: right;\"><a href=\"https:\/\/il-telaio.it\/wp-content\/uploads\/2021\/07\/Fingerle-Maddalena-Scheda-publisher.pdf\" target=\"_blank\" rel=\"noopener\">Dettaglio<\/a><a href=\"https:\/\/il-telaio.it\/wp-content\/uploads\/2021\/07\/Fingerle-Maddalena-Scheda-publisher.pdf\" download=\"Fingerle-Maddalena-Scheda-publisher.pdf\"><br \/>\nScarica PDF<\/a><\/td>\n<\/tr>\n<tr style=\"height: 24px;\">\n<td style=\"width: 20.24%; height: 24px;\"><strong>Gioved\u00ed 5 agosto<\/strong><\/td>\n<td style=\"width: 41.9222%; height: 24px;\"><a href=\"https:\/\/il-telaio.it\/wp-content\/uploads\/2021\/07\/Francini-Chiara-Scheda-publisher.pdf\" target=\"_blank\" rel=\"noopener\"><span style=\"color: #000000;\"><strong><span style=\"font-size: 12pt;\">Chiara Francini<\/span><\/strong><\/span><\/a><br \/>\nIl cielo stellato fa le fusa &#8211; Rizzoli<\/td>\n<td style=\"width: 18.2381%; height: 24px; text-align: right;\"><a href=\"https:\/\/il-telaio.it\/wp-content\/uploads\/2021\/07\/Francini-Chiara-Scheda-publisher.pdf\" target=\"_blank\" rel=\"noopener\">Dettaglio<\/a><a href=\"https:\/\/il-telaio.it\/wp-content\/uploads\/2021\/07\/Francini-Chiara-Scheda-publisher.pdf\" download=\"Francini-Chiara-Scheda-publisher.pdf\"><br \/>\nScarica PDF<\/a><\/td>\n<\/tr>\n<tr style=\"height: 24px;\">\n<td style=\"width: 20.24%; height: 24px;\"><strong>Venerdi 6 agosto<\/strong><\/td>\n<td style=\"width: 41.9222%; height: 24px; text-align: left;\"><a href=\"https:\/\/il-telaio.it\/wp-content\/uploads\/2021\/07\/Ferrandi-Maurizio-Scheda-publisher.pdf\" target=\"_blank\" rel=\"noopener\"><span style=\"color: #000000;\"><strong><span style=\"font-size: 12pt;\">Maurizio Ferrandi<\/span><\/strong><\/span><\/a><br \/>\n<strong>Il Comitato per l&#8217;educazione permanente di Brunico presenta<\/strong><br \/>\nIl nazionalista &#8211; Ettore Tolomei &#8211; Alphabeta<br \/>\n<span style=\"font-size: 10pt; color: #ff0000;\"><strong>ore 20.30<\/strong><\/span><\/td>\n<td style=\"width: 18.2381%; height: 24px; text-align: right;\"><a href=\"https:\/\/il-telaio.it\/wp-content\/uploads\/2021\/07\/Ferrandi-Maurizio-Scheda-publisher.pdf\" target=\"_blank\" rel=\"noopener\">Dettaglio<\/a><a href=\"https:\/\/il-telaio.it\/wp-content\/uploads\/2021\/07\/Ferrandi-Maurizio-Scheda-publisher.pdf\" download=\"Ferrandi-Maurizio-Scheda-publisher.pdf\"><br \/>\nScarica PDF<\/a><\/td>\n<\/tr>\n<tr style=\"height: 24px;\">\n<td style=\"width: 20.24%; height: 24px;\"><strong>Sabato 7 agosto<\/strong><\/td>\n<td style=\"width: 41.9222%; height: 24px;\"><a href=\"https:\/\/il-telaio.it\/wp-content\/uploads\/2021\/07\/Nava-Massimo-Scheda-publisher2.pdf\" target=\"_blank\" rel=\"noopener\"><span style=\"font-size: 12pt; color: #000000;\"><strong>Massimo Nava<\/strong><\/span><\/a><br \/>\nStoria della Germania dopo il muro &#8211; Rizzoli<\/td>\n<td style=\"width: 18.2381%; height: 24px; text-align: right;\"><a href=\"https:\/\/il-telaio.it\/wp-content\/uploads\/2021\/07\/Nava-Massimo-Scheda-publisher2.pdf\" target=\"_blank\" rel=\"noopener\">Dettaglio<\/a><a href=\"https:\/\/il-telaio.it\/wp-content\/uploads\/2021\/07\/Nava-Massimo-Scheda-publisher2.pdf\" download=\"Nava-Massimo-Scheda-publisher2.pdf\"><br \/>\nScarica PDF<\/a><\/td>\n<\/tr>\n<tr style=\"height: 24px;\">\n<td style=\"width: 20.24%; height: 24px;\"><strong>Luned\u00ed 9 agosto<\/strong><\/td>\n<td style=\"width: 41.9222%; height: 24px;\"><a href=\"https:\/\/il-telaio.it\/wp-content\/uploads\/2021\/07\/Rubboli-Daniele-Scheda-publisher.pdf\" target=\"_blank\" rel=\"noopener\"><span style=\"font-size: 12pt; color: #000000;\"><strong>Daniele Rubboli<\/strong><\/span><\/a><br \/>\nDai castrati del 600 alle voci del 2000<br \/>\nIl Fiorino &#8211; Il Capostazione &#8211; Artestampa<\/td>\n<td style=\"width: 18.2381%; height: 24px; text-align: right;\"><a href=\"https:\/\/il-telaio.it\/wp-content\/uploads\/2021\/07\/Rubboli-Daniele-Scheda-publisher.pdf\" target=\"_blank\" rel=\"noopener\">Dettaglio<\/a><a href=\"https:\/\/il-telaio.it\/wp-content\/uploads\/2021\/07\/Rubboli-Daniele-Scheda-publisher.pdf\" download=\"Rubboli-Daniele-Scheda-publisher.pdf\"><br \/>\nScarica PDF<\/a><\/td>\n<\/tr>\n<tr style=\"height: 24px;\">\n<td style=\"width: 20.24%; height: 24px;\"><strong>Mercoled\u00ed 11 agosto<\/strong><\/td>\n<td style=\"width: 41.9222%; height: 24px;\"><a href=\"https:\/\/il-telaio.it\/wp-content\/uploads\/2021\/07\/Frediani-Andrea-Scheda-publisher.pdf\" target=\"_blank\" rel=\"noopener\"><span style=\"font-size: 12pt; color: #000000;\"><strong>Andrea Frediani<\/strong><\/span><\/a><br \/>\nI lupi di Roma &#8211; Newton Compton<\/td>\n<td style=\"width: 18.2381%; height: 24px; text-align: right;\"><a href=\"https:\/\/il-telaio.it\/wp-content\/uploads\/2021\/07\/Frediani-Andrea-Scheda-publisher.pdf\" target=\"_blank\" rel=\"noopener\">Dettaglio<\/a><a href=\"https:\/\/il-telaio.it\/wp-content\/uploads\/2021\/07\/Frediani-Andrea-Scheda-publisher.pdf\" download=\"Frediani-Andrea-Scheda-publisher.pdf\"><br \/>\nScarica PDF<\/a><\/td>\n<\/tr>\n<tr style=\"height: 24px;\">\n<td style=\"width: 20.24%; height: 24px;\"><strong>Gioved\u00ed 12 agosto<\/strong><\/td>\n<td style=\"width: 41.9222%; height: 24px;\"><a href=\"https:\/\/il-telaio.it\/wp-content\/uploads\/2021\/07\/Cottarelli-Carlo-Scheda-publisher.pdf\" target=\"_blank\" rel=\"noopener\"><span style=\"font-size: 12pt; color: #000000;\"><strong>Carlo Cottarelli<\/strong><\/span><\/a><br \/>\nAll&#8217;inferno e ritorno &#8211; Feltrinelli<br \/>\n<span style=\"font-size: 10pt; color: #ff0000;\"><strong>ore 18.00<\/strong><\/span><\/td>\n<td style=\"width: 18.2381%; height: 24px; text-align: right;\"><a href=\"https:\/\/il-telaio.it\/wp-content\/uploads\/2021\/07\/Cottarelli-Carlo-Scheda-publisher.pdf\" target=\"_blank\" rel=\"noopener\">Dettaglio<\/a><a href=\"https:\/\/il-telaio.it\/wp-content\/uploads\/2021\/07\/Cottarelli-Carlo-Scheda-publisher.pdf\" download=\"Cottarelli-Carlo-Scheda-publisher.pdf\"><br \/>\nScarica PDF<\/a><\/td>\n<\/tr>\n<tr style=\"height: 24px;\">\n<td style=\"width: 20.24%; height: 24px;\"><strong>Luned\u00ed 16 agosto<\/strong><\/td>\n<td style=\"width: 41.9222%; height: 24px;\"><a href=\"https:\/\/il-telaio.it\/wp-content\/uploads\/2021\/07\/Fregona-Luca-Scheda-publisher.pdf\" target=\"_blank\" rel=\"noopener\"><span style=\"font-size: 12pt; color: #000000;\"><strong>Luca Fregona<\/strong><\/span><\/a><br \/>\nSoldati di sventura &#8211; Athesia<\/td>\n<td style=\"width: 18.2381%; height: 24px; text-align: right;\"><a href=\"https:\/\/il-telaio.it\/wp-content\/uploads\/2021\/07\/Fregona-Luca-Scheda-publisher.pdf\" target=\"_blank\" rel=\"noopener\">Dettaglio<\/a><a href=\"https:\/\/il-telaio.it\/wp-content\/uploads\/2021\/07\/Fregona-Luca-Scheda-publisher.pdf\" download=\"Fregona-Luca-Scheda-publisher.pdf\"><br \/>\nScarica PDF<\/a><\/td>\n<\/tr>\n<tr style=\"height: 24px;\">\n<td style=\"width: 20.24%; height: 24px;\"><strong>Venerd\u00ec 20 agosto<\/strong><\/td>\n<td style=\"width: 41.9222%; height: 24px;\"><a href=\"https:\/\/il-telaio.it\/wp-content\/uploads\/2021\/07\/Caramaschi-Renzo-Scheda-publisher.pdf\" target=\"_blank\" rel=\"noopener\"><span style=\"font-size: 12pt; color: #000000;\"><strong>Renzo Caramaschi<\/strong><\/span><\/a><br \/>\nOndulati orizzonti &#8211; Mursia<\/td>\n<td style=\"width: 18.2381%; height: 24px; text-align: right;\"><a href=\"https:\/\/il-telaio.it\/wp-content\/uploads\/2021\/07\/Caramaschi-Renzo-Scheda-publisher.pdf\" target=\"_blank\" rel=\"noopener\">Dettaglio<\/a><a href=\"https:\/\/il-telaio.it\/wp-content\/uploads\/2021\/07\/Caramaschi-Renzo-Scheda-publisher.pdf\" download=\"Caramaschi-Renzo-Scheda-publisher.pdf\"><br \/>\nScarica PDF<\/a><\/td>\n<\/tr>\n<tr style=\"height: 24px;\">\n<td style=\"width: 20.24%; height: 24px;\"><strong>Sabato 21 agosto<\/strong><\/td>\n<td style=\"width: 41.9222%; height: 24px;\"><a href=\"https:\/\/il-telaio.it\/wp-content\/uploads\/2021\/07\/Ferrario-Tiziana-Scheda-publisher.pdf\" target=\"_blank\" rel=\"noopener\"><span style=\"font-size: 12pt; color: #000000;\"><strong>Tiziana Ferrario<\/strong><\/span><\/a><br \/>\nUomini, \u00e9 ora di giocare senza falli<br \/>\nChiarelettere<\/td>\n<td style=\"width: 18.2381%; height: 24px; text-align: right;\"><a href=\"https:\/\/il-telaio.it\/wp-content\/uploads\/2021\/07\/Ferrario-Tiziana-Scheda-publisher.pdf\" target=\"_blank\" rel=\"noopener\">Dettaglio<\/a><a href=\"https:\/\/il-telaio.it\/wp-content\/uploads\/2021\/07\/Ferrario-Tiziana-Scheda-publisher.pdf\" download=\"Ferrario-Tiziana-Scheda-publisher.pdf\"><br \/>\nScarica PDF<\/a><\/td>\n<\/tr>\n<tr style=\"height: 24px;\">\n<td style=\"width: 20.24%; height: 24px;\"><strong>Luned\u00ed 23 agosto<\/strong><\/td>\n<td style=\"width: 41.9222%; height: 24px;\"><a href=\"https:\/\/il-telaio.it\/wp-content\/uploads\/2021\/07\/Stecchi-Valentina-Scheda-publisher.pdf\" target=\"_blank\" rel=\"noopener\"><span style=\"font-size: 12pt; color: #000000;\"><strong>Valentina Stecchi<\/strong><\/span><\/a><br \/>\nLa met\u00e1 della mia mela &#8230; \u00e9 marcia!<\/td>\n<td style=\"width: 18.2381%; height: 24px; text-align: right;\"><a href=\"https:\/\/il-telaio.it\/wp-content\/uploads\/2021\/07\/Stecchi-Valentina-Scheda-publisher.pdf\" target=\"_blank\" rel=\"noopener\">Dettaglio<\/a><a href=\"https:\/\/il-telaio.it\/wp-content\/uploads\/2021\/07\/Stecchi-Valentina-Scheda-publisher.pdf\" download=\"Stecchi-Valentina-Scheda-publisher.pdf\"><br \/>\nScarica PDF<\/a><\/td>\n<\/tr>\n<tr style=\"height: 24px;\">\n<td style=\"width: 20.24%; height: 24px;\"><strong>Gioved\u00ed 26 agosto<\/strong><\/td>\n<td style=\"width: 41.9222%; height: 24px;\"><a href=\"https:\/\/il-telaio.it\/wp-content\/uploads\/2021\/07\/Boralevi-Antonella-Scheda-publisher.pdf\" target=\"_blank\" rel=\"noopener\"><span style=\"font-size: 12pt; color: #000000;\"><strong>Antonella Boralevi<\/strong><\/span><\/a><br \/>\nTutto il sole che c&#8217;\u00e8 &#8211; La nave di Teseo<\/td>\n<td style=\"width: 18.2381%; height: 24px; text-align: right;\"><a href=\"https:\/\/il-telaio.it\/wp-content\/uploads\/2021\/07\/Boralevi-Antonella-Scheda-publisher.pdf\" target=\"_blank\" rel=\"noopener\">Dettaglio<\/a><a href=\"https:\/\/il-telaio.it\/wp-content\/uploads\/2021\/07\/Boralevi-Antonella-Scheda-publisher.pdf\" download=\"Boralevi-Antonella-Scheda-publisher.pdf\"><br \/>\nScarica PDF<\/a><\/td>\n<\/tr>\n<tr>\n<td style=\"width: 20.24%;\"><\/td>\n<td style=\"width: 41.9222%;\"><span style=\"font-size: 12pt;\"><a href=\"https:\/\/il-telaio.it\/wp-content\/uploads\/2021\/07\/Telaio_incontri_plakat_2021.pdf\" target=\"_blank\" rel=\"noopener\"><span style=\"color: #000000;\"><strong>Manifesto completo <\/strong><\/span><\/a><br \/>\n<strong><span style=\"color: #000000;\">&#8220;Incontri con l&#8217;autore 2021&#8221;<\/span><br \/>\n<\/strong><\/span><\/td>\n<td style=\"width: 18.2381%; text-align: right;\"><a href=\"https:\/\/il-telaio.it\/wp-content\/uploads\/2021\/07\/Telaio_incontri_plakat_2021.pdf\" target=\"_blank\" rel=\"noopener\">Dettaglio<\/a><a href=\"https:\/\/il-telaio.it\/wp-content\/uploads\/2021\/07\/Boralevi-Antonella-Scheda-publisher.pdf\" download=\"Telaio_incontri_plakat_2021.pdf\"><br \/>\nScarica PDF<\/a><\/td>\n<\/tr>\n<\/tbody>\n<\/table>\n","protected":false},"excerpt":{"rendered":"<p>INCONTRI CON L&#8217;AUTORE 2021 Brunico &#8211; Casa Ragen &#8211; ore 17.30\u00a0\u00a0 Luned\u00ed 26 luglio Vicenzo Todisco Il bambino lucertola &#8211; Armando Dad\u00f3 Dettaglio Scarica PDF Venerd\u00ed 30 luglio Romina Casagrande i bambini del bosco &#8211; Garzanti Dettaglio Scarica PDF Sabato 31 luglio Alessandro Milan Un giorno lo dir\u00f3 al mondo &#8211; Mondadori Dettaglio Scarica PDF Luned\u00ed 2 agosto Maddalena Fingerle<\/p>\n<p><a class=\"more-link\" href=\"https:\/\/il-telaio.it\/index.php\/backup-primo-piano\/\">Read More<\/a><\/p>\n","protected":false},"author":1,"featured_media":0,"parent":0,"menu_order":0,"comment_status":"closed","ping_status":"closed","template":"","meta":{"footnotes":""},"class_list":["post-618","page","type-page","status-publish","hentry"],"yoast_head":"<!-- This site is optimized with the Yoast SEO plugin v27.3 - https:\/\/yoast.com\/product\/yoast-seo-wordpress\/ -->\n<title>Backup primo piano -<\/title>\n<meta name=\"robots\" content=\"index, follow, max-snippet:-1, max-image-preview:large, max-video-preview:-1\" \/>\n<link rel=\"canonical\" href=\"https:\/\/il-telaio.it\/index.php\/backup-primo-piano\/\" \/>\n<meta property=\"og:locale\" content=\"it_IT\" \/>\n<meta property=\"og:type\" content=\"article\" \/>\n<meta property=\"og:title\" content=\"Backup primo piano -\" \/>\n<meta property=\"og:description\" content=\"INCONTRI CON L&#8217;AUTORE 2021 Brunico &#8211; Casa Ragen &#8211; ore 17.30\u00a0\u00a0 Luned\u00ed 26 luglio Vicenzo Todisco Il bambino lucertola &#8211; Armando Dad\u00f3 Dettaglio Scarica PDF Venerd\u00ed 30 luglio Romina Casagrande i bambini del bosco &#8211; Garzanti Dettaglio Scarica PDF Sabato 31 luglio Alessandro Milan Un giorno lo dir\u00f3 al mondo &#8211; Mondadori Dettaglio Scarica PDF Luned\u00ed 2 agosto Maddalena FingerleRead More\" \/>\n<meta property=\"og:url\" content=\"https:\/\/il-telaio.it\/index.php\/backup-primo-piano\/\" \/>\n<meta name=\"twitter:card\" content=\"summary_large_image\" \/>\n<meta name=\"twitter:label1\" content=\"Tempo di lettura stimato\" \/>\n\t<meta name=\"twitter:data1\" content=\"1 minuto\" \/>\n<script type=\"application\/ld+json\" class=\"yoast-schema-graph\">{\"@context\":\"https:\\\/\\\/schema.org\",\"@graph\":[{\"@type\":\"WebPage\",\"@id\":\"https:\\\/\\\/il-telaio.it\\\/index.php\\\/backup-primo-piano\\\/\",\"url\":\"https:\\\/\\\/il-telaio.it\\\/index.php\\\/backup-primo-piano\\\/\",\"name\":\"Backup primo piano -\",\"isPartOf\":{\"@id\":\"https:\\\/\\\/il-telaio.it\\\/#website\"},\"datePublished\":\"2021-10-08T14:23:58+00:00\",\"breadcrumb\":{\"@id\":\"https:\\\/\\\/il-telaio.it\\\/index.php\\\/backup-primo-piano\\\/#breadcrumb\"},\"inLanguage\":\"it-IT\",\"potentialAction\":[{\"@type\":\"ReadAction\",\"target\":[\"https:\\\/\\\/il-telaio.it\\\/index.php\\\/backup-primo-piano\\\/\"]}]},{\"@type\":\"BreadcrumbList\",\"@id\":\"https:\\\/\\\/il-telaio.it\\\/index.php\\\/backup-primo-piano\\\/#breadcrumb\",\"itemListElement\":[{\"@type\":\"ListItem\",\"position\":1,\"name\":\"Home\",\"item\":\"https:\\\/\\\/il-telaio.it\\\/\"},{\"@type\":\"ListItem\",\"position\":2,\"name\":\"Backup primo piano\"}]},{\"@type\":\"WebSite\",\"@id\":\"https:\\\/\\\/il-telaio.it\\\/#website\",\"url\":\"https:\\\/\\\/il-telaio.it\\\/\",\"name\":\"\",\"description\":\"\",\"potentialAction\":[{\"@type\":\"SearchAction\",\"target\":{\"@type\":\"EntryPoint\",\"urlTemplate\":\"https:\\\/\\\/il-telaio.it\\\/?s={search_term_string}\"},\"query-input\":{\"@type\":\"PropertyValueSpecification\",\"valueRequired\":true,\"valueName\":\"search_term_string\"}}],\"inLanguage\":\"it-IT\"}]}<\/script>\n<!-- \/ Yoast SEO plugin. -->","yoast_head_json":{"title":"Backup primo piano -","robots":{"index":"index","follow":"follow","max-snippet":"max-snippet:-1","max-image-preview":"max-image-preview:large","max-video-preview":"max-video-preview:-1"},"canonical":"https:\/\/il-telaio.it\/index.php\/backup-primo-piano\/","og_locale":"it_IT","og_type":"article","og_title":"Backup primo piano -","og_description":"INCONTRI CON L&#8217;AUTORE 2021 Brunico &#8211; Casa Ragen &#8211; ore 17.30\u00a0\u00a0 Luned\u00ed 26 luglio Vicenzo Todisco Il bambino lucertola &#8211; Armando Dad\u00f3 Dettaglio Scarica PDF Venerd\u00ed 30 luglio Romina Casagrande i bambini del bosco &#8211; Garzanti Dettaglio Scarica PDF Sabato 31 luglio Alessandro Milan Un giorno lo dir\u00f3 al mondo &#8211; Mondadori Dettaglio Scarica PDF Luned\u00ed 2 agosto Maddalena FingerleRead More","og_url":"https:\/\/il-telaio.it\/index.php\/backup-primo-piano\/","twitter_card":"summary_large_image","twitter_misc":{"Tempo di lettura stimato":"1 minuto"},"schema":{"@context":"https:\/\/schema.org","@graph":[{"@type":"WebPage","@id":"https:\/\/il-telaio.it\/index.php\/backup-primo-piano\/","url":"https:\/\/il-telaio.it\/index.php\/backup-primo-piano\/","name":"Backup primo piano -","isPartOf":{"@id":"https:\/\/il-telaio.it\/#website"},"datePublished":"2021-10-08T14:23:58+00:00","breadcrumb":{"@id":"https:\/\/il-telaio.it\/index.php\/backup-primo-piano\/#breadcrumb"},"inLanguage":"it-IT","potentialAction":[{"@type":"ReadAction","target":["https:\/\/il-telaio.it\/index.php\/backup-primo-piano\/"]}]},{"@type":"BreadcrumbList","@id":"https:\/\/il-telaio.it\/index.php\/backup-primo-piano\/#breadcrumb","itemListElement":[{"@type":"ListItem","position":1,"name":"Home","item":"https:\/\/il-telaio.it\/"},{"@type":"ListItem","position":2,"name":"Backup primo piano"}]},{"@type":"WebSite","@id":"https:\/\/il-telaio.it\/#website","url":"https:\/\/il-telaio.it\/","name":"","description":"","potentialAction":[{"@type":"SearchAction","target":{"@type":"EntryPoint","urlTemplate":"https:\/\/il-telaio.it\/?s={search_term_string}"},"query-input":{"@type":"PropertyValueSpecification","valueRequired":true,"valueName":"search_term_string"}}],"inLanguage":"it-IT"}]}},"_links":{"self":[{"href":"https:\/\/il-telaio.it\/index.php\/wp-json\/wp\/v2\/pages\/618","targetHints":{"allow":["GET"]}}],"collection":[{"href":"https:\/\/il-telaio.it\/index.php\/wp-json\/wp\/v2\/pages"}],"about":[{"href":"https:\/\/il-telaio.it\/index.php\/wp-json\/wp\/v2\/types\/page"}],"author":[{"embeddable":true,"href":"https:\/\/il-telaio.it\/index.php\/wp-json\/wp\/v2\/users\/1"}],"replies":[{"embeddable":true,"href":"https:\/\/il-telaio.it\/index.php\/wp-json\/wp\/v2\/comments?post=618"}],"version-history":[{"count":1,"href":"https:\/\/il-telaio.it\/index.php\/wp-json\/wp\/v2\/pages\/618\/revisions"}],"predecessor-version":[{"id":619,"href":"https:\/\/il-telaio.it\/index.php\/wp-json\/wp\/v2\/pages\/618\/revisions\/619"}],"wp:attachment":[{"href":"https:\/\/il-telaio.it\/index.php\/wp-json\/wp\/v2\/media?parent=618"}],"curies":[{"name":"wp","href":"https:\/\/api.w.org\/{rel}","templated":true}]}}